{"id":132,"date":"2015-01-15T00:28:18","date_gmt":"2015-01-15T00:28:18","guid":{"rendered":"http:\/\/www.360viewpro.com\/?page_id=132"},"modified":"2020-05-23T14:59:38","modified_gmt":"2020-05-23T14:59:38","slug":"acerca-de","status":"publish","type":"page","link":"https:\/\/www.360viewpro.com\/en\/acerca-de\/","title":{"rendered":"About"},"content":{"rendered":"<p><section id=\"section-69f5eea7c2338\" class=\"fw-main-row-custom fw-main-row-top fw-content-overlay-sm fw_theme_bg_fw-custom fw-image-section fw-section-height-md\" style=\" background-image:url(http:\/\/www.360viewpro.com\/wp-content\/uploads\/2016\/08\/Header_About-us.jpg); background-repeat: no-repeat; background-position: center top; background-size: cover;  \"  >\n\t\t<div class=\"fw-container-fluid\">\n\t\t\t<\/div>\n<\/section><section id=\"section-69f5eea7c23cb\" class=\"fw-main-row  auto\" style=\"   \"  >\n\t\t<div class=\"fw-container\">\n\t\t<div class=\"fw-row\">\n\t\n<div id=\"column-69f5eea7c25fd\" class=\"fw-col-sm-12\" style=\" \">\n        <div class=\"fw-col-inner\" >\n\t\t<div class=\"fw-text-box\">\n    <div class=\"fw-text-inner\">\n        <blockquote>\n<h5 style=\"text-align: center;\">Words can not express more than a small fragment of human knowledge, because what we can say and think is always immeasurably smaller than what we experience.<\/h5>\n<\/blockquote>    <\/div>\n<\/div>\t<\/div>\n<\/div><\/div>\n\n<div class=\"fw-row\">\n\t\n<div id=\"column-69f5eea7c282c\" class=\"fw-col-sm-12\" style=\" \">\n        <div class=\"fw-col-inner\" >\n\t\t<div class=\"text-center\"><a href=\"#\"\n    target=\"_self\"\n    class=\"fw-btn  fw-btn-sm  fw-btn-3\"><span>ALAN WATTS<\/span><\/a>\n<\/div>\t<\/div>\n<\/div><\/div>\n\n<div class=\"fw-row\">\n\t\n<div id=\"column-69f5eea7c2a50\" class=\"fw-col-sm-12\" style=\" \">\n        <div class=\"fw-col-inner\" >\n\t\t\t<div  class=\"fw-divider-full-width fw-line-solid fw-divider-line   fw_theme_border_only_fw-custom\" style=\"width:auto%; padding-top:43px; margin-bottom:72px; \" ><\/div>\n\t<\/div>\n<\/div><\/div>\n\n<div class=\"fw-row\">\n\t\n<div id=\"column-69f5eea7c2c55\" class=\"fw-col-sm-6\" style=\" \">\n        <div class=\"fw-col-inner\" >\n\t\t\n    \n        <div class=\"fw-single-image fw-image-frame\" >\n            <span class=\"fw-single-image-wrap\" >\n                <noscript><img src=\"https:\/\/www.360viewpro.com\/wp-content\/uploads\/2016\/08\/WHO-I-AM_Camaras-1.jpg\" alt=\"WHO I AM_Camaras-1\"><\/noscript><img src=\"data:image\/gif;base64,R0lGODlhAQABAIAAAAAAAP\/\/\/yH5BAEAAAAALAAAAAABAAEAAAIBRAA7\" data-sizes=\"auto\" data-maxdpr=\"1.7\" data-fwimgpath=\"https:\/\/www.360viewpro.com\/wp-content\/uploads\/2016\/08\/\" data-srcset=\"WHO-I-AM_Camaras-1.jpg 480w, WHO-I-AM_Camaras-1-300x271.jpg 300w, WHO-I-AM_Camaras-1-480x346.jpg 480w, WHO-I-AM_Camaras-1-480x332.jpg 480w, WHO-I-AM_Camaras-1.jpg 480w\" data-srcfw-ratio-1=\"WHO-I-AM_Camaras-1-150x150.jpg 150w, WHO-I-AM_Camaras-1-180x180.jpg 180w, WHO-I-AM_Camaras-1-300x300.jpg 300w, WHO-I-AM_Camaras-1-300x300.jpg 300w\" data-srcfw-ratio-2-3=\"WHO-I-AM_Camaras-1-295x433.jpg 295w\" data-srcfw-ratio-3-4=\"WHO-I-AM_Camaras-1-295x393.jpg 295w\" data-srcfw-ratio-16-9=\"WHO-I-AM_Camaras-1-295x166.jpg 295w\"   alt=\"WHO I AM_Camaras-1\" class=\"lazyload\" \/>            <\/span>\n        <\/div>\n\n    \n<div class=\"fw-divider-space space-sm\"  ><\/div>\n    \n        <div class=\"fw-single-image   fw-single-image-center\" style=\"width: 300px;\">\n            <span class=\"fw-single-image-wrap\" >\n                <noscript><img src=\"https:\/\/www.360viewpro.com\/wp-content\/uploads\/2020\/05\/Photographer-Trusted_Back-1.png\" alt=\"Photographer Trusted_Back\"><\/noscript><img src=\"data:image\/gif;base64,R0lGODlhAQABAIAAAAAAAP\/\/\/yH5BAEAAAAALAAAAAABAAEAAAIBRAA7\" data-sizes=\"auto\" data-maxdpr=\"1.7\" data-fwimgpath=\"https:\/\/www.360viewpro.com\/wp-content\/uploads\/2020\/05\/\" data-srcset=\"Photographer-Trusted_Back-1.png 1050w, Photographer-Trusted_Back-1.png 1050w\"   alt=\"Photographer Trusted_Back\" class=\"lazyload\" \/>            <\/span>\n        <\/div>\n\n    \n\t<\/div>\n<\/div>\n<div id=\"column-69f5eea7c37de\" class=\"fw-col-sm-6\" style=\" \">\n        <div class=\"fw-col-inner\" style=\"padding: 10px 40px 0px 80px;\">\n\t\t<div class=\"fw-heading fw-heading-h2 fw-heading-center\">\n\t\t\t<h2 class=\"fw-special-title\" style=\"color:#dd9933;\">About us<\/h2>\n\t\t\t<\/div><div class=\"fw-divider-space\" style=\"margin-bottom:20px;\" ><\/div><div class=\"fw-text-box\">\n    <div class=\"fw-text-inner\">\n        We are a group of professionals, formed by a team of\nphotographers, retouchers,\nspecialized in the creation of all kinds of 360 \u00b0 images intended for publication on web pages.\n\nOur experience and our technical knowledge of photography\ndigital allows us to propose integral solutions.\n\nWe know that quality is the key to success, that's why we\nWe concentrate on the details. The better your product looks\nthe greater your sales possibilities. The visual language is\nimportant reason why we take care of offering a unique, special and above all very professional service to each of our clients. This is the key.    <\/div>\n<\/div><div class=\"fw-divider-space\" style=\"margin-bottom:52px;\" ><\/div><div class=\"text-center\"><a href=\"http:\/\/www.360viewpro.com\/contacto\/\"\n    target=\"_self\"\n    class=\"fw-btn  fw-btn-md  fw-btn-2\"><span>Hire me for a project<\/span><\/a>\n<\/div>\t<\/div>\n<\/div><\/div>\n\n\t<\/div>\n<\/section><\/p>\n<!-- AddThis Advanced Settings generic via filter on the_content --><!-- AddThis Share Buttons generic via filter on the_content -->","protected":false},"excerpt":{"rendered":"<p>Las palabras no pueden expresar m\u00e1s que un peque\u00f1o fragmento del conocimiento humano, porque lo que podemos decir y pensar es siempre inmensamente menor de lo que experimentamos. ALAN WATTS Quienes Somos Somos un grupo de profesionales, formado por un equipo de fot\u00f3grafos, retocadores, especializados en la creaci\u00f3n de todo tipo de im\u00e1genes 360\u00b0 destinados [&hellip;]<!-- AddThis Advanced Settings generic via filter on get_the_excerpt --><!-- AddThis Share Buttons generic via filter on get_the_excerpt --><\/p>","protected":false},"author":1,"featured_media":0,"parent":0,"menu_order":0,"comment_status":"closed","ping_status":"closed","template":"visual-builder-template.php","meta":[],"yoast_head":"<!-- This site is optimized with the Yoast SEO plugin v14.9 - https:\/\/yoast.com\/wordpress\/plugins\/seo\/ -->\n<meta name=\"robots\" content=\"index, follow, max-snippet:-1, max-image-preview:large, max-video-preview:-1\" \/>\n<link rel=\"canonical\" href=\"https:\/\/www.360viewpro.com\/en\/acerca-de\/\" \/>\n<meta property=\"og:locale\" content=\"en_US\" \/>\n<meta property=\"og:type\" content=\"article\" \/>\n<meta property=\"og:title\" content=\"Acerca de - 360 View Pro\" \/>\n<meta property=\"og:description\" content=\"Las palabras no pueden expresar m\u00e1s que un peque\u00f1o fragmento del conocimiento humano, porque lo que podemos decir y pensar es siempre inmensamente menor de lo que experimentamos. ALAN WATTS Quienes Somos Somos un grupo de profesionales, formado por un equipo de fot\u00f3grafos, retocadores, especializados en la creaci\u00f3n de todo tipo de im\u00e1genes 360\u00b0 destinados [&hellip;]\" \/>\n<meta property=\"og:url\" content=\"https:\/\/www.360viewpro.com\/en\/acerca-de\/\" \/>\n<meta property=\"og:site_name\" content=\"360 View Pro\" \/>\n<meta property=\"article:modified_time\" content=\"2020-05-23T14:59:38+00:00\" \/>\n<meta property=\"og:image\" content=\"http:\/\/www.360viewpro.com\/wp-content\/uploads\/2016\/08\/WHO-I-AM_Camaras-1.jpg\" \/>\n<meta name=\"twitter:card\" content=\"summary_large_image\" \/>\n<script type=\"application\/ld+json\" class=\"yoast-schema-graph\">{\"@context\":\"https:\/\/schema.org\",\"@graph\":[{\"@type\":\"WebSite\",\"@id\":\"https:\/\/www.360viewpro.com\/en\/#website\",\"url\":\"https:\/\/www.360viewpro.com\/en\/\",\"name\":\"360 View Pro\",\"description\":\"Vive la experiencia desde cualquier sitio\",\"potentialAction\":[{\"@type\":\"SearchAction\",\"target\":\"https:\/\/www.360viewpro.com\/en\/?s={search_term_string}\",\"query-input\":\"required name=search_term_string\"}],\"inLanguage\":\"en-US\"},{\"@type\":\"ImageObject\",\"@id\":\"http:\/\/www.360viewpro.com\/acerca-de\/#primaryimage\",\"inLanguage\":\"en-US\",\"url\":\"http:\/\/www.360viewpro.com\/wp-content\/uploads\/2016\/08\/WHO-I-AM_Camaras-1.jpg\"},{\"@type\":\"WebPage\",\"@id\":\"http:\/\/www.360viewpro.com\/acerca-de\/#webpage\",\"url\":\"http:\/\/www.360viewpro.com\/acerca-de\/\",\"name\":\"Acerca de - 360 View Pro\",\"isPartOf\":{\"@id\":\"https:\/\/www.360viewpro.com\/en\/#website\"},\"primaryImageOfPage\":{\"@id\":\"http:\/\/www.360viewpro.com\/acerca-de\/#primaryimage\"},\"datePublished\":\"2015-01-15T00:28:18+00:00\",\"dateModified\":\"2020-05-23T14:59:38+00:00\",\"inLanguage\":\"en-US\",\"potentialAction\":[{\"@type\":\"ReadAction\",\"target\":[\"http:\/\/www.360viewpro.com\/acerca-de\/\"]}]}]}<\/script>\n<!-- \/ Yoast SEO plugin. -->","_links":{"self":[{"href":"https:\/\/www.360viewpro.com\/en\/wp-json\/wp\/v2\/pages\/132"}],"collection":[{"href":"https:\/\/www.360viewpro.com\/en\/wp-json\/wp\/v2\/pages"}],"about":[{"href":"https:\/\/www.360viewpro.com\/en\/wp-json\/wp\/v2\/types\/page"}],"author":[{"embeddable":true,"href":"https:\/\/www.360viewpro.com\/en\/wp-json\/wp\/v2\/users\/1"}],"replies":[{"embeddable":true,"href":"https:\/\/www.360viewpro.com\/en\/wp-json\/wp\/v2\/comments?post=132"}],"version-history":[{"count":45,"href":"https:\/\/www.360viewpro.com\/en\/wp-json\/wp\/v2\/pages\/132\/revisions"}],"predecessor-version":[{"id":3731,"href":"https:\/\/www.360viewpro.com\/en\/wp-json\/wp\/v2\/pages\/132\/revisions\/3731"}],"wp:attachment":[{"href":"https:\/\/www.360viewpro.com\/en\/wp-json\/wp\/v2\/media?parent=132"}],"curies":[{"name":"wp","href":"https:\/\/api.w.org\/{rel}","templated":true}]}}