{"id":258,"date":"2015-01-16T01:38:54","date_gmt":"2015-01-16T01:38:54","guid":{"rendered":"http:\/\/www.360viewpro.com\/?page_id=258"},"modified":"2020-05-23T15:01:20","modified_gmt":"2020-05-23T15:01:20","slug":"contacto","status":"publish","type":"page","link":"https:\/\/www.360viewpro.com\/en\/contacto\/","title":{"rendered":"Contact"},"content":{"rendered":"<p><section id=\"section-69f5ee7c00265\" class=\"fw-main-row-custom fw-main-row-top fw-content-overlay-sm fw_theme_bg_fw-custom fw-image-section fw-section-height-md\" style=\" background-image:url(http:\/\/www.360viewpro.com\/wp-content\/uploads\/2016\/08\/Header_Contact-us.jpg); background-repeat: no-repeat; background-position: center top; background-size: cover;  \"  >\n\t\t<div class=\"fw-container-fluid\">\n\t\t\t<\/div>\n<\/section><section id=\"section-69f5ee7c002d3\" class=\"fw-main-row  auto\" style=\"   \"  >\n\t\t<div class=\"fw-container\">\n\t\t<div class=\"fw-row\">\n\t\n<div id=\"column-69f5ee7c00495\" class=\"fw-col-sm-6\" style=\" \">\n        <div class=\"fw-col-inner\" >\n\t\t<div class=\"fw-text-box\">\n    <div class=\"fw-text-inner\">\n        <p style=\"text-align: center;\"><strong><span class=\"st\">Jos\u00e9<\/span> Su\u00e1rez, CEO<\/strong><\/p>\n<p style=\"text-align: center;\"><strong>Miami, FL, USA<\/strong><\/p>    <\/div>\n<\/div>\t<\/div>\n<\/div>\n<div id=\"column-69f5ee7c005d0\" class=\"fw-col-sm-6\" style=\" \">\n        <div class=\"fw-col-inner\" >\n\t\t<div class=\"fw-icon-title fw-icon-title-left clearfix\">\n            <span class=\"fw-icon-title-icon\"><i class=\"fa fa-phone\"><\/i><\/span>\n                    <span class=\"fw-icon-title-name\">\n                                    (786) 339-4150                            <\/span>\n            <\/div><div class=\"fw-icon-title fw-icon-title-left clearfix\">\n            <span class=\"fw-icon-title-icon\"><i class=\"fa fa-at\"><\/i><\/span>\n                    <span class=\"fw-icon-title-name\">\n                                    <a href=\"mailto:contact@360viewpro.com\">contact@360viewpro.com<\/a>\n                            <\/span>\n            <\/div>\t<\/div>\n<\/div><\/div>\n\n<div class=\"fw-row\">\n\t\n<div id=\"column-69f5ee7c007df\" class=\"fw-col-sm-12\" style=\" \">\n        <div class=\"fw-col-inner\" >\n\t\t<div class=\"fw-divider-space space-md\"  ><\/div>\t<\/div>\n<\/div><\/div>\n\n<div class=\"fw-row\">\n\t\n<div id=\"column-69f5ee7c009d0\" class=\"fw-col-sm-6\" style=\" \">\n        <div class=\"fw-col-inner\" >\n\t\t<div class=\"fw-text-box\">\n    <div class=\"fw-text-inner\">\n        <div role=\"form\" class=\"wpcf7\" id=\"wpcf7-f3269-o1\" lang=\"es-ES\" dir=\"ltr\">\n<div class=\"screen-reader-response\" role=\"alert\" aria-live=\"polite\"><\/div>\n<form action=\"\/en\/wp-json\/wp\/v2\/pages\/258#wpcf7-f3269-o1\" method=\"post\" class=\"wpcf7-form init\" novalidate=\"novalidate\" data-trp-original-action=\"\/en\/wp-json\/wp\/v2\/pages\/258#wpcf7-f3269-o1\">\n<div style=\"display: none;\">\n<input type=\"hidden\" name=\"_wpcf7\" value=\"3269\" \/>\n<input type=\"hidden\" name=\"_wpcf7_version\" value=\"5.2.2\" \/>\n<input type=\"hidden\" name=\"_wpcf7_locale\" value=\"es_ES\" \/>\n<input type=\"hidden\" name=\"_wpcf7_unit_tag\" value=\"wpcf7-f3269-o1\" \/>\n<input type=\"hidden\" name=\"_wpcf7_container_post\" value=\"0\" \/>\n<input type=\"hidden\" name=\"_wpcf7_posted_data_hash\" value=\"\" \/>\n<\/div>\n<p><label> Name (required)<br \/>\n    <span class=\"wpcf7-form-control-wrap your-name\"><input type=\"text\" name=\"your-name\" value=\"\" size=\"40\" class=\"wpcf7-form-control wpcf7-text wpcf7-validates-as-required\" aria-required=\"true\" aria-invalid=\"false\" \/><\/span> <\/label><\/p>\n<p><label> Email (required)<br \/>\n    <span class=\"wpcf7-form-control-wrap your-email\"><input type=\"email\" name=\"your-email\" value=\"\" size=\"40\" class=\"wpcf7-form-control wpcf7-text wpcf7-email wpcf7-validates-as-required wpcf7-validates-as-email\" aria-required=\"true\" aria-invalid=\"false\" \/><\/span> <\/label><\/p>\n<p><label> Affair<br \/>\n    <span class=\"wpcf7-form-control-wrap your-subject\"><input type=\"text\" name=\"your-subject\" value=\"\" size=\"40\" class=\"wpcf7-form-control wpcf7-text\" aria-invalid=\"false\" \/><\/span> <\/label><\/p>\n<p><label> Message<br \/>\n    <span class=\"wpcf7-form-control-wrap your-message\"><textarea name=\"your-message\" cols=\"40\" rows=\"10\" class=\"wpcf7-form-control wpcf7-textarea\" aria-invalid=\"false\"><\/textarea><\/span> <\/label><\/p>\n<p><input type=\"submit\" value=\"Submit\" class=\"wpcf7-form-control wpcf7-submit\" \/><\/p>\n<div class=\"wpcf7-response-output\" role=\"alert\" aria-hidden=\"true\"><\/div><input type=\"hidden\" name=\"trp-form-language\" value=\"en\"\/><\/form><\/div>    <\/div>\n<\/div>\t<\/div>\n<\/div>\n<div id=\"column-69f5ee7c01959\" class=\"fw-col-sm-6\" style=\" \">\n        <div class=\"fw-col-inner\" >\n\t\t<div class=\"fw-text-box\">\n    <div class=\"fw-text-inner\">\n        <iframe src=\"https:\/\/www.google.com\/maps\/embed?pb=!1m18!1m12!1m3!1d229929.3379879714!2d-80.37108906690719!3d25.782256878424178!2m3!1f0!2f0!3f0!3m2!1i1024!2i768!4f13.1!3m3!1m2!1s0x88d9b0a20ec8c111%3A0xff96f271ddad4f65!2sMiami%2C+Florida!5e0!3m2!1ses!2sus!4v1472093676916\" width=\"600\" height=\"450\" frameborder=\"0\" style=\"border:0\" allowfullscreen><\/iframe>    <\/div>\n<\/div><div class=\"fw-divider-space space-sm\"  ><\/div>\n    \n        <div class=\"fw-single-image   fw-single-image-center\" style=\"width: 300px;\">\n            <span class=\"fw-single-image-wrap\" >\n                <noscript><img src=\"https:\/\/www.360viewpro.com\/wp-content\/uploads\/2020\/05\/Photographer-Trusted_Back-1.png\" alt=\"Photographer Trusted_Back\"><\/noscript><img src=\"data:image\/gif;base64,R0lGODlhAQABAIAAAAAAAP\/\/\/yH5BAEAAAAALAAAAAABAAEAAAIBRAA7\" data-sizes=\"auto\" data-maxdpr=\"1.7\" data-fwimgpath=\"https:\/\/www.360viewpro.com\/wp-content\/uploads\/2020\/05\/\" data-srcset=\"Photographer-Trusted_Back-1.png 1050w, Photographer-Trusted_Back-1.png 1050w\"   alt=\"Photographer Trusted_Back\" class=\"lazyload\" \/>            <\/span>\n        <\/div>\n\n    \n\t<\/div>\n<\/div><\/div>\n\n\t<\/div>\n<\/section><\/p>\n<!-- AddThis Advanced Settings generic via filter on the_content --><!-- AddThis Share Buttons generic via filter on the_content -->","protected":false},"excerpt":{"rendered":"<p>Jos\u00e9 Su\u00e1rez, CEO Miami, FL, USA (786) 339-4150 contact@360viewpro.com Nombre (requerido) Correo electr\u00f3nico (requerido) Asunto Mensaje<!-- AddThis Advanced Settings generic via filter on get_the_excerpt --><!-- AddThis Share Buttons generic via filter on get_the_excerpt --><\/p>","protected":false},"author":1,"featured_media":0,"parent":0,"menu_order":0,"comment_status":"closed","ping_status":"closed","template":"visual-builder-template.php","meta":[],"yoast_head":"<!-- This site is optimized with the Yoast SEO plugin v14.9 - https:\/\/yoast.com\/wordpress\/plugins\/seo\/ -->\n<meta name=\"robots\" content=\"index, follow, max-snippet:-1, max-image-preview:large, max-video-preview:-1\" \/>\n<link rel=\"canonical\" href=\"https:\/\/www.360viewpro.com\/en\/contacto\/\" \/>\n<meta property=\"og:locale\" content=\"en_US\" \/>\n<meta property=\"og:type\" content=\"article\" \/>\n<meta property=\"og:title\" content=\"Contacto - 360 View Pro\" \/>\n<meta property=\"og:description\" content=\"Jos\u00e9 Su\u00e1rez, CEO Miami, FL, USA (786) 339-4150 contact@360viewpro.com Nombre (requerido) Correo electr\u00f3nico (requerido) Asunto Mensaje\" \/>\n<meta property=\"og:url\" content=\"https:\/\/www.360viewpro.com\/en\/contacto\/\" \/>\n<meta property=\"og:site_name\" content=\"360 View Pro\" \/>\n<meta property=\"article:modified_time\" content=\"2020-05-23T15:01:20+00:00\" \/>\n<meta property=\"og:image\" content=\"http:\/\/www.360viewpro.com\/wp-content\/uploads\/2020\/05\/Photographer-Trusted_Back-1.png\" \/>\n<meta name=\"twitter:card\" content=\"summary_large_image\" \/>\n<script type=\"application\/ld+json\" class=\"yoast-schema-graph\">{\"@context\":\"https:\/\/schema.org\",\"@graph\":[{\"@type\":\"WebSite\",\"@id\":\"https:\/\/www.360viewpro.com\/en\/#website\",\"url\":\"https:\/\/www.360viewpro.com\/en\/\",\"name\":\"360 View Pro\",\"description\":\"Vive la experiencia desde cualquier sitio\",\"potentialAction\":[{\"@type\":\"SearchAction\",\"target\":\"https:\/\/www.360viewpro.com\/en\/?s={search_term_string}\",\"query-input\":\"required name=search_term_string\"}],\"inLanguage\":\"en-US\"},{\"@type\":\"ImageObject\",\"@id\":\"http:\/\/www.360viewpro.com\/contacto\/#primaryimage\",\"inLanguage\":\"en-US\",\"url\":\"http:\/\/www.360viewpro.com\/wp-content\/uploads\/2020\/05\/Photographer-Trusted_Back-1.png\"},{\"@type\":\"WebPage\",\"@id\":\"http:\/\/www.360viewpro.com\/contacto\/#webpage\",\"url\":\"http:\/\/www.360viewpro.com\/contacto\/\",\"name\":\"Contacto - 360 View Pro\",\"isPartOf\":{\"@id\":\"https:\/\/www.360viewpro.com\/en\/#website\"},\"primaryImageOfPage\":{\"@id\":\"http:\/\/www.360viewpro.com\/contacto\/#primaryimage\"},\"datePublished\":\"2015-01-16T01:38:54+00:00\",\"dateModified\":\"2020-05-23T15:01:20+00:00\",\"inLanguage\":\"en-US\",\"potentialAction\":[{\"@type\":\"ReadAction\",\"target\":[\"http:\/\/www.360viewpro.com\/contacto\/\"]}]}]}<\/script>\n<!-- \/ Yoast SEO plugin. -->","_links":{"self":[{"href":"https:\/\/www.360viewpro.com\/en\/wp-json\/wp\/v2\/pages\/258"}],"collection":[{"href":"https:\/\/www.360viewpro.com\/en\/wp-json\/wp\/v2\/pages"}],"about":[{"href":"https:\/\/www.360viewpro.com\/en\/wp-json\/wp\/v2\/types\/page"}],"author":[{"embeddable":true,"href":"https:\/\/www.360viewpro.com\/en\/wp-json\/wp\/v2\/users\/1"}],"replies":[{"embeddable":true,"href":"https:\/\/www.360viewpro.com\/en\/wp-json\/wp\/v2\/comments?post=258"}],"version-history":[{"count":63,"href":"https:\/\/www.360viewpro.com\/en\/wp-json\/wp\/v2\/pages\/258\/revisions"}],"predecessor-version":[{"id":3730,"href":"https:\/\/www.360viewpro.com\/en\/wp-json\/wp\/v2\/pages\/258\/revisions\/3730"}],"wp:attachment":[{"href":"https:\/\/www.360viewpro.com\/en\/wp-json\/wp\/v2\/media?parent=258"}],"curies":[{"name":"wp","href":"https:\/\/api.w.org\/{rel}","templated":true}]}}