{"id":3379,"date":"2016-09-24T21:59:41","date_gmt":"2016-09-24T21:59:41","guid":{"rendered":"http:\/\/www.360viewpro.com\/?page_id=3379"},"modified":"2020-05-23T19:50:41","modified_gmt":"2020-05-23T19:50:41","slug":"requisitos","status":"publish","type":"page","link":"https:\/\/www.360viewpro.com\/en\/requisitos\/","title":{"rendered":"Requirements"},"content":{"rendered":"<p><section id=\"section-69f5ee902b46a\" class=\"fw-main-row-custom fw-main-row-top  fw_theme_bg_fw-custom fw-image-section fw-section-height-md\" style=\" background-image:url(http:\/\/www.360viewpro.com\/wp-content\/uploads\/2020\/05\/Header_Maps-Street-View_2.jpg); background-repeat: no-repeat; background-position: center top; background-size: cover;  \"  >\n\t\t<div class=\"fw-container-fluid\">\n\t\t\t<\/div>\n<\/section><section id=\"section-69f5ee902b4e7\" class=\"fw-main-row  auto\" style=\"   \"  >\n\t\t<div class=\"fw-container\">\n\t\t<div class=\"fw-row\">\n\t\n<div id=\"column-69f5ee902b72f\" class=\"fw-col-sm-12\" style=\" \">\n        <div class=\"fw-col-inner\" >\n\t\t<div class=\"fw-text-box\">\n    <div class=\"fw-text-inner\">\n        <h4 style=\"text-align: center;\"><span style=\"color: #000000;\"><strong><span style=\"text-decoration: underline;\"><span>Requirements<\/span><\/span><\/strong><\/span><\/h4>    <\/div>\n<\/div>\t<\/div>\n<\/div><\/div>\n\n<div class=\"fw-row\">\n\t\n<div id=\"column-69f5ee902b8d6\" class=\"fw-col-sm-12\" style=\" \">\n        <div class=\"fw-col-inner\" >\n\t\t<div class=\"fw-text-box\">\n    <div class=\"fw-text-inner\">\n        <h5>Next, we detail the steps to follow to obtain a \"Virtual Tour\" for your Business.<\/h5>    <\/div>\n<\/div>\t<\/div>\n<\/div><\/div>\n\n<div class=\"fw-row\">\n\t\n<div id=\"column-69f5ee902ba7f\" class=\"fw-col-sm-12\" style=\" \">\n        <div class=\"fw-col-inner\" >\n\t\t<div class=\"fw-divider-space space-sm\"  ><\/div>\t<\/div>\n<\/div><\/div>\n\n<div class=\"fw-row\">\n\t\n<div id=\"column-69f5ee902bc1c\" class=\"fw-col-sm-12\" style=\" \">\n        <div class=\"fw-col-inner\" >\n\t\t<div class=\"fw-text-box\">\n    <div class=\"fw-text-inner\">\n        <h5><strong>1. Contact a Certified Photographer by <span style=\"color: #3366ff;\">G<\/span><span style=\"color: #ff0000;\">o<\/span><span style=\"color: #ff9900;\">o<\/span><span style=\"color: #3366ff;\">g<\/span><span style=\"color: #339966;\">l<\/span><span style=\"color: #ff0000;\">e<\/span><\/strong><\/h5>    <\/div>\n<\/div>\t<\/div>\n<\/div><\/div>\n\n<div class=\"fw-row\">\n\t\n<div id=\"column-69f5ee902bd4c\" class=\"fw-col-sm-12\" style=\" \">\n        <div class=\"fw-col-inner\" >\n\t\t<div class=\"fw-divider-space space-sm\"  ><\/div>\t<\/div>\n<\/div><\/div>\n\n<div class=\"fw-row\">\n\t\n<div id=\"column-69f5ee902be58\" class=\"fw-col-sm-12\" style=\" \">\n        <div class=\"fw-col-inner\" >\n\t\t<div class=\"fw-text-box\">\n    <div class=\"fw-text-inner\">\n        <strong>Jos\u00e9 Su\u00e1rez<\/strong> He is a Certified Photographer of <span style=\"color: #3366ff;\">G<\/span><span style=\"color: #ff0000;\">o<\/span><span style=\"color: #ff9900;\">o<\/span><span style=\"color: #3366ff;\">g<\/span><span style=\"color: #339966;\">l<\/span><span style=\"color: #ff0000;\">e<\/span> for Miami, Florida and the United States.    <\/div>\n<\/div>\t<\/div>\n<\/div><\/div>\n\n<div class=\"fw-row\">\n\t\n<div id=\"column-69f5ee902bf67\" class=\"fw-col-sm-12\" style=\" \">\n        <div class=\"fw-col-inner\" >\n\t\t<div class=\"fw-divider-space space-sm\"  ><\/div>\t<\/div>\n<\/div><\/div>\n\n<div class=\"fw-row\">\n\t\n<div id=\"column-69f5ee902c093\" class=\"fw-col-sm-12\" style=\" \">\n        <div class=\"fw-col-inner\" >\n\t\t<div class=\"fw-text-box\">\n    <div class=\"fw-text-inner\">\n        Request information through the contact form to arrange a price adjusted for the virtual tour of your business. Although there are some guide prices, it is important that the photographer visit their facilities beforehand to study a customized budget.    <\/div>\n<\/div>\t<\/div>\n<\/div><\/div>\n\n<div class=\"fw-row\">\n\t\n<div id=\"column-69f5ee902c1a2\" class=\"fw-col-sm-12\" style=\" \">\n        <div class=\"fw-col-inner\" >\n\t\t<div class=\"fw-divider-space space-sm\"  ><\/div>\t<\/div>\n<\/div><\/div>\n\n<div class=\"fw-row\">\n\t\n<div id=\"column-69f5ee902c27f\" class=\"fw-col-sm-12\" style=\" \">\n        <div class=\"fw-col-inner\" >\n\t\t<div class=\"fw-text-box\">\n    <div class=\"fw-text-inner\">\n        <h5><strong>2. Have your Business on Google My Business<\/strong><\/h5>    <\/div>\n<\/div>\t<\/div>\n<\/div><\/div>\n\n<div class=\"fw-row\">\n\t\n<div id=\"column-69f5ee902c34b\" class=\"fw-col-sm-12\" style=\" \">\n        <div class=\"fw-col-inner\" >\n\t\t<div class=\"fw-divider-space space-sm\"  ><\/div>\t<\/div>\n<\/div><\/div>\n\n<div class=\"fw-row\">\n\t\n<div id=\"column-69f5ee902c431\" class=\"fw-col-sm-12\" style=\" \">\n        <div class=\"fw-col-inner\" >\n\t\t<div class=\"fw-text-box\">\n    <div class=\"fw-text-inner\">\n        To publish the Virtual Tour it is necessary that your business or company is registered in Google My Business and be the administrator of the file.    <\/div>\n<\/div>\t<\/div>\n<\/div><\/div>\n\n<div class=\"fw-row\">\n\t\n<div id=\"column-69f5ee902c4f3\" class=\"fw-col-sm-12\" style=\" \">\n        <div class=\"fw-col-inner\" >\n\t\t<div class=\"fw-divider-space space-sm\"  ><\/div>\t<\/div>\n<\/div><\/div>\n\n<div class=\"fw-row\">\n\t\n<div id=\"column-69f5ee902c5b1\" class=\"fw-col-sm-12\" style=\" \">\n        <div class=\"fw-col-inner\" >\n\t\t<div class=\"fw-text-box\">\n    <div class=\"fw-text-inner\">\n        In case you do not have your business registered in <span style=\"color: #3366ff;\">G<\/span><span style=\"color: #ff0000;\">o<\/span><span style=\"color: #ff9900;\">o<\/span><span style=\"color: #3366ff;\">g<\/span><span style=\"color: #339966;\">l<\/span><span style=\"color: #ff0000;\">e<\/span>, you can create your file through \"Google My Business\" in this link: <span style=\"color: #3366ff;\"><a style=\"color: #3366ff;\" href=\"http:\/\/www.google.com\/business\/placesforbusiness\/\">http:\/\/www.google.com\/business\/placesforbusiness\/<\/a><\/span>    <\/div>\n<\/div>\t<\/div>\n<\/div><\/div>\n\n<div class=\"fw-row\">\n\t\n<div id=\"column-69f5ee902c6a5\" class=\"fw-col-sm-12\" style=\" \">\n        <div class=\"fw-col-inner\" >\n\t\t<div class=\"fw-divider-space space-sm\"  ><\/div>\t<\/div>\n<\/div><\/div>\n\n<div class=\"fw-row\">\n\t\n<div id=\"column-69f5ee902c78f\" class=\"fw-col-sm-12\" style=\" \">\n        <div class=\"fw-col-inner\" >\n\t\t<div class=\"fw-text-box\">\n    <div class=\"fw-text-inner\">\n        If you prefer we can create and manage the Google Places tab of your business for you, contact us.    <\/div>\n<\/div>\t<\/div>\n<\/div><\/div>\n\n<div class=\"fw-row\">\n\t\n<div id=\"column-69f5ee902c859\" class=\"fw-col-sm-12\" style=\" \">\n        <div class=\"fw-col-inner\" >\n\t\t<div class=\"fw-divider-space space-sm\"  ><\/div>\t<\/div>\n<\/div><\/div>\n\n<div class=\"fw-row\">\n\t\n<div id=\"column-69f5ee902c9b2\" class=\"fw-col-sm-12\" style=\" \">\n        <div class=\"fw-col-inner\" >\n\t\t<div class=\"fw-text-box\">\n    <div class=\"fw-text-inner\">\n        <h5><strong>3. Concert Date of the Photo Session<\/strong><\/h5>    <\/div>\n<\/div>\t<\/div>\n<\/div><\/div>\n\n<div class=\"fw-row\">\n\t\n<div id=\"column-69f5ee902ca6f\" class=\"fw-col-sm-12\" style=\" \">\n        <div class=\"fw-col-inner\" >\n\t\t<div class=\"fw-divider-space space-sm\"  ><\/div>\t<\/div>\n<\/div><\/div>\n\n<div class=\"fw-row\">\n\t\n<div id=\"column-69f5ee902cb2d\" class=\"fw-col-sm-12\" style=\" \">\n        <div class=\"fw-col-inner\" >\n\t\t<div class=\"fw-text-box\">\n    <div class=\"fw-text-inner\">\n        Once the budget has been agreed and the Google Places tab of your Business confirmed, we will be able to take the photo shoot. You must sign an agreement where the photographer is authorized to take the photographs of the virtual tour and then upload it to <span style=\"color: #3366ff;\">G<\/span><span style=\"color: #ff0000;\">o<\/span><span style=\"color: #ff9900;\">o<\/span><span style=\"color: #3366ff;\">g<\/span><span style=\"color: #339966;\">l<\/span><span style=\"color: #ff0000;\">e<\/span>. Without this agreement the Photographer will not be able to perform the session.    <\/div>\n<\/div>\t<\/div>\n<\/div><\/div>\n\n<div class=\"fw-row\">\n\t\n<div id=\"column-69f5ee902cc1a\" class=\"fw-col-sm-12\" style=\" \">\n        <div class=\"fw-col-inner\" >\n\t\t<div class=\"fw-divider-space space-sm\"  ><\/div>\t<\/div>\n<\/div><\/div>\n\n<div class=\"fw-row\">\n\t\n<div id=\"column-69f5ee902ccce\" class=\"fw-col-sm-12\" style=\" \">\n        <div class=\"fw-col-inner\" >\n\t\t<div class=\"fw-text-box\">\n    <div class=\"fw-text-inner\">\n        <h5><strong>4. Take care of every detail of your Business<\/strong><\/h5>    <\/div>\n<\/div>\t<\/div>\n<\/div><\/div>\n\n<div class=\"fw-row\">\n\t\n<div id=\"column-69f5ee902cd90\" class=\"fw-col-sm-12\" style=\" \">\n        <div class=\"fw-col-inner\" >\n\t\t<div class=\"fw-divider-space space-sm\"  ><\/div>\t<\/div>\n<\/div><\/div>\n\n<div class=\"fw-row\">\n\t\n<div id=\"column-69f5ee902ce44\" class=\"fw-col-sm-12\" style=\" \">\n        <div class=\"fw-col-inner\" >\n\t\t<div class=\"fw-text-box\">\n    <div class=\"fw-text-inner\">\n        It is your responsibility to have your business ready at the time of the photo shoot, notify your staff and your customers, check the decoration and cleanliness. Pay attention to the detail, since each panorama is 360\u00ba and your visitors will see from floor to ceiling.    <\/div>\n<\/div>\t<\/div>\n<\/div><\/div>\n\n<div class=\"fw-row\">\n\t\n<div id=\"column-69f5ee902cf37\" class=\"fw-col-sm-12\" style=\" \">\n        <div class=\"fw-col-inner\" >\n\t\t<div class=\"fw-divider-space space-sm\"  ><\/div>\t<\/div>\n<\/div><\/div>\n\n<div class=\"fw-row\">\n\t\n<div id=\"column-69f5ee902d078\" class=\"fw-col-sm-12\" style=\" \">\n        <div class=\"fw-col-inner\" >\n\t\t\n    \n        <div class=\"fw-single-image   fw-ratio-container fw-ratio-1 fw-single-image-center\" style=\"width: 200px;\">\n            <span class=\"fw-single-image-wrap\" >\n                <noscript><img src=\"https:\/\/www.360viewpro.com\/wp-content\/uploads\/2016\/09\/Street_View_logo.png\" alt=\"street_view_logo\"><\/noscript><img src=\"data:image\/gif;base64,R0lGODlhAQABAIAAAAAAAP\/\/\/yH5BAEAAAAALAAAAAABAAEAAAIBRAA7\" data-sizes=\"auto\" data-maxdpr=\"1.7\" data-fwimgpath=\"https:\/\/www.360viewpro.com\/wp-content\/uploads\/2016\/09\/\" data-srcset=\"Street_View_logo.png 512w, Street_View_logo-512x346.png 512w, Street_View_logo-512x332.png 512w\" data-srcfw-ratio-1=\"Street_View_logo-150x150.png 150w, Street_View_logo-300x300.png 300w, Street_View_logo-180x180.png 180w, Street_View_logo-300x300.png 300w, Street_View_logo-300x300.png 300w, Street_View_logo.png 512w\" data-srcfw-ratio-9-16=\"Street_View_logo-295x512.png 295w\" data-srcfw-ratio-3-4=\"Street_View_logo-295x393.png 295w\" data-srcfw-ratio-16-9=\"Street_View_logo-295x166.png 295w\"   alt=\"street_view_logo\" class=\"lazyload\" \/>            <\/span>\n        <\/div>\n\n    \n\t<\/div>\n<\/div><\/div>\n\n<div class=\"fw-row\">\n\t\n<div id=\"column-69f5ee902d9c5\" class=\"fw-col-sm-12\" style=\" \">\n        <div class=\"fw-col-inner\" >\n\t\t<div class=\"fw-divider-space space-sm\"  ><\/div>\t<\/div>\n<\/div><\/div>\n\n<div class=\"fw-row\">\n\t\n<div id=\"column-69f5ee902db33\" class=\"fw-col-sm-12\" style=\" \">\n        <div class=\"fw-col-inner\" >\n\t\t<div class=\"text-center\"><a href=\"http:\/\/www.360viewpro.com\/contacto\/\"\n    target=\"_self\"\n    class=\"fw-btn  fw-btn-md  fw-btn-3\"><span>APPLY FOR<\/span><\/a>\n<\/div>\t<\/div>\n<\/div><\/div>\n\n\t<\/div>\n<\/section><\/p>\n<!-- AddThis Advanced Settings generic via filter on the_content --><!-- AddThis Share Buttons generic via filter on the_content -->","protected":false},"excerpt":{"rendered":"<p>Requisitos A continuaci\u00f3n, le detallamos los pasos a seguir para obtener un \u00abTour Virtual\u00bb para su Negocio. 1. Contactar con un Fot\u00f3grafo Certificado por Google Jos\u00e9 Su\u00e1rez es Fot\u00f3grafo Certificado de Google para Miami, Florida y Estados Unidos. Solicite informaci\u00f3n a trav\u00e9s del formulario de contacto para concertar un precio ajustado por la realizaci\u00f3n del [&hellip;]<!-- AddThis Advanced Settings generic via filter on get_the_excerpt --><!-- AddThis Share Buttons generic via filter on get_the_excerpt --><\/p>","protected":false},"author":1,"featured_media":0,"parent":0,"menu_order":0,"comment_status":"closed","ping_status":"closed","template":"visual-builder-template.php","meta":[],"yoast_head":"<!-- This site is optimized with the Yoast SEO plugin v14.9 - https:\/\/yoast.com\/wordpress\/plugins\/seo\/ -->\n<meta name=\"robots\" content=\"index, follow, max-snippet:-1, max-image-preview:large, max-video-preview:-1\" \/>\n<link rel=\"canonical\" href=\"https:\/\/www.360viewpro.com\/en\/requisitos\/\" \/>\n<meta property=\"og:locale\" content=\"en_US\" \/>\n<meta property=\"og:type\" content=\"article\" \/>\n<meta property=\"og:title\" content=\"Requisitos - 360 View Pro\" \/>\n<meta property=\"og:description\" content=\"Requisitos A continuaci\u00f3n, le detallamos los pasos a seguir para obtener un &quot;Tour Virtual&quot; para su Negocio. 1. Contactar con un Fot\u00f3grafo Certificado por Google Jos\u00e9 Su\u00e1rez es Fot\u00f3grafo Certificado de Google para Miami, Florida y Estados Unidos. Solicite informaci\u00f3n a trav\u00e9s del formulario de contacto para concertar un precio ajustado por la realizaci\u00f3n del [&hellip;]\" \/>\n<meta property=\"og:url\" content=\"https:\/\/www.360viewpro.com\/en\/requisitos\/\" \/>\n<meta property=\"og:site_name\" content=\"360 View Pro\" \/>\n<meta property=\"article:modified_time\" content=\"2020-05-23T19:50:41+00:00\" \/>\n<meta property=\"og:image\" content=\"http:\/\/www.360viewpro.com\/wp-content\/uploads\/2016\/09\/Street_View_logo.png\" \/>\n<meta name=\"twitter:card\" content=\"summary_large_image\" \/>\n<script type=\"application\/ld+json\" class=\"yoast-schema-graph\">{\"@context\":\"https:\/\/schema.org\",\"@graph\":[{\"@type\":\"WebSite\",\"@id\":\"https:\/\/www.360viewpro.com\/en\/#website\",\"url\":\"https:\/\/www.360viewpro.com\/en\/\",\"name\":\"360 View Pro\",\"description\":\"Vive la experiencia desde cualquier sitio\",\"potentialAction\":[{\"@type\":\"SearchAction\",\"target\":\"https:\/\/www.360viewpro.com\/en\/?s={search_term_string}\",\"query-input\":\"required name=search_term_string\"}],\"inLanguage\":\"en-US\"},{\"@type\":\"ImageObject\",\"@id\":\"http:\/\/www.360viewpro.com\/requisitos\/#primaryimage\",\"inLanguage\":\"en-US\",\"url\":\"http:\/\/www.360viewpro.com\/wp-content\/uploads\/2016\/09\/Street_View_logo.png\"},{\"@type\":\"WebPage\",\"@id\":\"http:\/\/www.360viewpro.com\/requisitos\/#webpage\",\"url\":\"http:\/\/www.360viewpro.com\/requisitos\/\",\"name\":\"Requisitos - 360 View Pro\",\"isPartOf\":{\"@id\":\"https:\/\/www.360viewpro.com\/en\/#website\"},\"primaryImageOfPage\":{\"@id\":\"http:\/\/www.360viewpro.com\/requisitos\/#primaryimage\"},\"datePublished\":\"2016-09-24T21:59:41+00:00\",\"dateModified\":\"2020-05-23T19:50:41+00:00\",\"inLanguage\":\"en-US\",\"potentialAction\":[{\"@type\":\"ReadAction\",\"target\":[\"http:\/\/www.360viewpro.com\/requisitos\/\"]}]}]}<\/script>\n<!-- \/ Yoast SEO plugin. -->","_links":{"self":[{"href":"https:\/\/www.360viewpro.com\/en\/wp-json\/wp\/v2\/pages\/3379"}],"collection":[{"href":"https:\/\/www.360viewpro.com\/en\/wp-json\/wp\/v2\/pages"}],"about":[{"href":"https:\/\/www.360viewpro.com\/en\/wp-json\/wp\/v2\/types\/page"}],"author":[{"embeddable":true,"href":"https:\/\/www.360viewpro.com\/en\/wp-json\/wp\/v2\/users\/1"}],"replies":[{"embeddable":true,"href":"https:\/\/www.360viewpro.com\/en\/wp-json\/wp\/v2\/comments?post=3379"}],"version-history":[{"count":39,"href":"https:\/\/www.360viewpro.com\/en\/wp-json\/wp\/v2\/pages\/3379\/revisions"}],"predecessor-version":[{"id":3759,"href":"https:\/\/www.360viewpro.com\/en\/wp-json\/wp\/v2\/pages\/3379\/revisions\/3759"}],"wp:attachment":[{"href":"https:\/\/www.360viewpro.com\/en\/wp-json\/wp\/v2\/media?parent=3379"}],"curies":[{"name":"wp","href":"https:\/\/api.w.org\/{rel}","templated":true}]}}