{"id":6,"date":"2015-01-13T01:45:42","date_gmt":"2015-01-13T01:45:42","guid":{"rendered":"http:\/\/www.360viewpro.com\/?page_id=6"},"modified":"2020-05-30T21:27:15","modified_gmt":"2020-05-30T21:27:15","slug":"home","status":"publish","type":"page","link":"https:\/\/www.360viewpro.com\/en\/","title":{"rendered":"HOME"},"content":{"rendered":"<p><section id=\"section-69f5e37a03ca8\" class=\"fw-main-row-custom fw-main-row-top fw-content-overlay-sm auto\" style=\"   \"  >\n\t\t<div class=\"fw-container-fluid\">\n\t\t<div class=\"fw-row\">\n\t\n<div id=\"column-69f5e37a03e15\" class=\"fw-col-sm-12\" style=\" \">\n        <div class=\"fw-col-inner\" >\n\t\t\n    \n        <div class=\"fw-single-image   fw-single-image-center\" style=\"width: 525px;\">\n            <span class=\"fw-single-image-wrap\" >\n                <noscript><img src=\"https:\/\/www.360viewpro.com\/wp-content\/uploads\/2020\/05\/Photographer-Trusted_Back-1.png\" alt=\"Photographer Trusted_Back\"><\/noscript><img src=\"data:image\/gif;base64,R0lGODlhAQABAIAAAAAAAP\/\/\/yH5BAEAAAAALAAAAAABAAEAAAIBRAA7\" data-sizes=\"auto\" data-maxdpr=\"1.7\" data-fwimgpath=\"https:\/\/www.360viewpro.com\/wp-content\/uploads\/2020\/05\/\" data-srcset=\"Photographer-Trusted_Back-1.png 1050w, Photographer-Trusted_Back-1.png 1050w\"   alt=\"Photographer Trusted_Back\" class=\"lazyload\" \/>            <\/span>\n        <\/div>\n\n    \n\t<\/div>\n<\/div><\/div>\n\n<div class=\"fw-row\">\n\t\n<div id=\"column-69f5e37a044a0\" class=\"fw-col-sm-12\" style=\" \">\n        <div class=\"fw-col-inner\" >\n\t\t<div class=\"fw-text-box\">\n    <div class=\"fw-text-inner\">\n        <p><iframe style=\"border: 0;\" tabindex=\"0\" src=\"http:\/\/www.360viewpro.com\/360\/Virtual%20Tour%20360\/Street%20View\/Cesar%20Lobo%20Studio\/index.html\" width=\"1280\" height=\"720\" frameborder=\"0\" allowfullscreen=\"allowfullscreen\" aria-hidden=\"false\"><\/iframe><\/p>    <\/div>\n<\/div>\t<\/div>\n<\/div><\/div>\n\n\t<\/div>\n<\/section><section id=\"section-69f5e37a045c2\" class=\"fw-main-row  auto\" style=\"   \"  >\n\t\t<div class=\"fw-container\">\n\t\t<div class=\"fw-row\">\n\t\n<div id=\"column-69f5e37a04718\" class=\"fw-col-sm-12\" style=\" \">\n        <div class=\"fw-col-inner\" >\n\t\t<div class=\"fw-text-box\">\n    <div class=\"fw-text-inner\">\n        <h3 style=\"text-align: center;\">The best way to \"live\" a space.<\/h3>\n\n<hr \/>\n\n<h4 style=\"text-align: center;\"><\/h4>    <\/div>\n<\/div>\t<\/div>\n<\/div><\/div>\n\n<div class=\"fw-row\">\n\t\n<div id=\"column-69f5e37a04854\" class=\"fw-col-sm-12\" style=\" \">\n        <div class=\"fw-col-inner\" >\n\t\t<div class=\"fw-divider-space space-sm\"  ><\/div>\t<\/div>\n<\/div><\/div>\n\n<div class=\"fw-row\">\n\t\n<div id=\"column-69f5e37a04971\" class=\"fw-col-sm-12\" style=\" \">\n        <div class=\"fw-col-inner\" >\n\t\t<div class=\"fw-text-box\">\n    <div class=\"fw-text-inner\">\n        <h5><span style=\"color: #ff6600;\">What is a Virtual Tour?<\/span><\/h5>    <\/div>\n<\/div>\t<\/div>\n<\/div><\/div>\n\n<div class=\"fw-row\">\n\t\n<div id=\"column-69f5e37a04a3c\" class=\"fw-col-sm-12\" style=\" \">\n        <div class=\"fw-col-inner\" >\n\t\t<div class=\"fw-text-box\">\n    <div class=\"fw-text-inner\">\n        A Virtual Tour 360 degrees is a multimedia solution that creates amazing experiences of interactive virtual tours of your business, property or place of interest. It allows the user an in-depth exploration of the place in a unique and innovative interactive visual environment. Simple and effective    <\/div>\n<\/div>\t<\/div>\n<\/div><\/div>\n\n<div class=\"fw-row\">\n\t\n<div id=\"column-69f5e37a04b15\" class=\"fw-col-sm-12\" style=\" \">\n        <div class=\"fw-col-inner\" >\n\t\t<div class=\"fw-divider-space space-sm\"  ><\/div>\t<\/div>\n<\/div><\/div>\n\n<div class=\"fw-row\">\n\t\n<div id=\"column-69f5e37a04bcf\" class=\"fw-col-sm-12\" style=\" \">\n        <div class=\"fw-col-inner\" >\n\t\t<div class=\"fw-text-box\">\n    <div class=\"fw-text-inner\">\n        <h5 style=\"text-align: left;\"><span style=\"color: #ff6600;\">What are the differences with other similar products?<\/span><\/h5>    <\/div>\n<\/div>\t<\/div>\n<\/div><\/div>\n\n<div class=\"fw-row\">\n\t\n<div id=\"column-69f5e37a04cc1\" class=\"fw-col-sm-12\" style=\" \">\n        <div class=\"fw-col-inner\" >\n\t\t<div class=\"fw-text-box\">\n    <div class=\"fw-text-inner\">\n        <span style=\"text-decoration: underline;\">Difference with the video:<\/span>    <\/div>\n<\/div>\t<\/div>\n<\/div><\/div>\n\n<div class=\"fw-row\">\n\t\n<div id=\"column-69f5e37a04d9d\" class=\"fw-col-sm-12\" style=\" \">\n        <div class=\"fw-col-inner\" >\n\t\t<div class=\"fw-text-box\">\n    <div class=\"fw-text-inner\">\n        The fundamental difference, with the real image videos, is that the tours through the virtual spaces are interactive. It allows the user to move and explore the place freely, they are not limited to being a linear sample of the place. It also allows the incorporation of sensitive areas that interact and are complemented by photographs, audio, explanatory texts, etc.    <\/div>\n<\/div>\t<\/div>\n<\/div><\/div>\n\n<div class=\"fw-row\">\n\t\n<div id=\"column-69f5e37a04e5e\" class=\"fw-col-sm-12\" style=\" \">\n        <div class=\"fw-col-inner\" >\n\t\t<div class=\"fw-divider-space space-sm\"  ><\/div>\t<\/div>\n<\/div><\/div>\n\n<div class=\"fw-row\">\n\t\n<div id=\"column-69f5e37a04f25\" class=\"fw-col-sm-12\" style=\" \">\n        <div class=\"fw-col-inner\" >\n\t\t<div class=\"fw-text-box\">\n    <div class=\"fw-text-inner\">\n        <span style=\"text-decoration: underline;\">Difference with 3D animations:<\/span>    <\/div>\n<\/div>\t<\/div>\n<\/div><\/div>\n\n<div class=\"fw-row\">\n\t\n<div id=\"column-69f5e37a04fff\" class=\"fw-col-sm-12\" style=\" \">\n        <div class=\"fw-col-inner\" >\n\t\t<div class=\"fw-text-box\">\n    <div class=\"fw-text-inner\">\n        The difference with a tour of 3D animation is first of all, the price difference with the expensive 3D productions and secondly that the user 'navigates' virtually on a 100% realistic environment with which we manage to transmit the lights, volumes, views and spaces almost like a real visit.    <\/div>\n<\/div>\t<\/div>\n<\/div><\/div>\n\n<div class=\"fw-row\">\n\t\n<div id=\"column-69f5e37a05140\" class=\"fw-col-sm-6\" style=\" \">\n        <div class=\"fw-col-inner\" >\n\t\t<div class=\"fw-divider-space space-sm\"  ><\/div><div class=\"fw-text-box\">\n    <div class=\"fw-text-inner\">\n        <h5 style=\"text-align: left;\"><span style=\"color: #ff6600;\">Are virtual tours visible in all browsers?<\/span><\/h5>    <\/div>\n<\/div><div class=\"fw-text-box\">\n    <div class=\"fw-text-inner\">\n        <span style=\"text-decoration: underline;\">Currently they are 100% compatible:<\/span>    <\/div>\n<\/div><div class=\"fw-text-box\">\n    <div class=\"fw-text-inner\">\n        Compatibility with all types of browsers and mobile environments is increasingly important, which is why our tours not only use technology to be seen, but also use JavaScript engines, which allows absolute compatibility with all types of browsers and mobile environments. of last generation as for example the well-known Iphone and Ipad among others.    <\/div>\n<\/div><div class=\"fw-divider-space space-sm\"  ><\/div><div class=\"fw-text-box\">\n    <div class=\"fw-text-inner\">\n        <span style=\"color: #808080;\">The 360\u00ba virtual tours we deliver are optimized for your<\/span>\n<span style=\"color: #808080;\"> visualization on all platforms (pc, apple, iphone, ipad), and on all types of web pages.<\/span>    <\/div>\n<\/div>\t<\/div>\n<\/div>\n<div id=\"column-69f5e37a0531f\" class=\"fw-col-sm-6\" style=\" \">\n        <div class=\"fw-col-inner\" >\n\t\t\n    \n        <div class=\"fw-single-image   fw-ratio-container fw-ratio-5-3 fw-single-image-center\" style=\"width: 600px;\">\n            <span class=\"fw-single-image-wrap\" >\n                <noscript><img src=\"https:\/\/www.360viewpro.com\/wp-content\/uploads\/2016\/08\/Mix-Apple.png\" alt=\"Mix-Apple\"><\/noscript><img src=\"data:image\/gif;base64,R0lGODlhAQABAIAAAAAAAP\/\/\/yH5BAEAAAAALAAAAAABAAEAAAIBRAA7\" data-sizes=\"auto\" data-maxdpr=\"1.7\" data-fwimgpath=\"https:\/\/www.360viewpro.com\/wp-content\/uploads\/2016\/08\/\" data-srcset=\"Mix-Apple.png 2500w\" data-srcfw-ratio-1=\"Mix-Apple-150x150.png 150w, Mix-Apple-180x180.png 180w, Mix-Apple-300x300.png 300w, Mix-Apple-600x600.png 600w, Mix-Apple-800x800.png 800w, Mix-Apple-300x300.png 300w\" data-srcfw-ratio-5-3=\"Mix-Apple-300x180.png 300w, Mix-Apple-768x461.png 768w, Mix-Apple-1024x614.png 1024w, Mix-Apple.png 2500w\" data-srcfw-ratio-16-9=\"Mix-Apple-1228x691.png 1228w, Mix-Apple-614x346.png 614w, Mix-Apple-295x166.png 295w, Mix-Apple-590x332.png 590w\" data-srcfw-ratio-9-16=\"Mix-Apple-295x524.png 295w, Mix-Apple-590x1048.png 590w\" data-srcfw-ratio-3-4=\"Mix-Apple-295x393.png 295w, Mix-Apple-590x786.png 590w\"   alt=\"Mix-Apple\" class=\"lazyload\" \/>            <\/span>\n        <\/div>\n\n    \n\n    \n        <div class=\"fw-single-image   fw-single-image-right\" style=\"width: 400px;\">\n            <span class=\"fw-single-image-wrap\" >\n                <noscript><img src=\"https:\/\/www.360viewpro.com\/wp-content\/uploads\/2016\/08\/Mix_Icon.png\" alt=\"Mix_Icon\"><\/noscript><img src=\"data:image\/gif;base64,R0lGODlhAQABAIAAAAAAAP\/\/\/yH5BAEAAAAALAAAAAABAAEAAAIBRAA7\" data-sizes=\"auto\" data-maxdpr=\"1.7\" data-fwimgpath=\"https:\/\/www.360viewpro.com\/wp-content\/uploads\/2016\/08\/\" data-srcset=\"Mix_Icon.png 500w, Mix_Icon-300x60.png 300w, Mix_Icon-180x100.png 180w, Mix_Icon-300x100.png 300w, Mix_Icon-295x100.png 295w, Mix_Icon-295x100.png 295w, Mix_Icon-295x100.png 295w, Mix_Icon-300x100.png 300w, Mix_Icon.png 500w\" data-srcfw-ratio-3-2=\"Mix_Icon-150x100.png 150w\"   alt=\"Mix_Icon\" class=\"lazyload\" \/>            <\/span>\n        <\/div>\n\n    \n\t<\/div>\n<\/div><\/div>\n\n<div class=\"fw-row\">\n\t\n<div id=\"column-69f5e37a05a2a\" class=\"fw-col-sm-12\" style=\" \">\n        <div class=\"fw-col-inner\" >\n\t\t<div class=\"fw-divider-space space-sm\"  ><\/div>\t<\/div>\n<\/div><\/div>\n\n<div class=\"fw-row\">\n\t\n<div id=\"column-69f5e37a05b43\" class=\"fw-col-sm-12\" style=\" \">\n        <div class=\"fw-col-inner\" >\n\t\t<div class=\"fw-text-box\">\n    <div class=\"fw-text-inner\">\n        <h5 style=\"text-align: left;\"><span style=\"color: #ff6600;\">Benefits and applications.<\/span><\/h5>    <\/div>\n<\/div>\t<\/div>\n<\/div><\/div>\n\n<div class=\"fw-row\">\n\t\n<div id=\"column-69f5e37a05c38\" class=\"fw-col-sm-12\" style=\" \">\n        <div class=\"fw-col-inner\" >\n\t\t<div class=\"fw-text-box\">\n    <div class=\"fw-text-inner\">\n        <span style=\"text-decoration: underline;\">Benefits:<\/span>    <\/div>\n<\/div>\t<\/div>\n<\/div><\/div>\n\n<div class=\"fw-row\">\n\t\n<div id=\"column-69f5e37a05d58\" class=\"fw-col-sm-12\" style=\" \">\n        <div class=\"fw-col-inner\" >\n\t\t<div class=\"fw-text-box\">\n    <div class=\"fw-text-inner\">\n        <ul>\n \t<li>Great visual spectacular when it comes to showing a place or a building.<\/li>\n<\/ul>    <\/div>\n<\/div>\t<\/div>\n<\/div><\/div>\n\n<div class=\"fw-row\">\n\t\n<div id=\"column-69f5e37a05e5a\" class=\"fw-col-sm-12\" style=\" \">\n        <div class=\"fw-col-inner\" >\n\t\t<div class=\"fw-text-box\">\n    <div class=\"fw-text-inner\">\n        <ul>\n \t<li>Real image, it is not 3D modeling.<\/li>\n<\/ul>    <\/div>\n<\/div>\t<\/div>\n<\/div><\/div>\n\n<div class=\"fw-row\">\n\t\n<div id=\"column-69f5e37a05f6d\" class=\"fw-col-sm-12\" style=\" \">\n        <div class=\"fw-col-inner\" >\n\t\t<div class=\"fw-text-box\">\n    <div class=\"fw-text-inner\">\n        <ul>\n \t<li>Interactivity Real navigation through the place.<\/li>\n<\/ul>    <\/div>\n<\/div>\t<\/div>\n<\/div><\/div>\n\n<div class=\"fw-row\">\n\t\n<div id=\"column-69f5e37a06050\" class=\"fw-col-sm-12\" style=\" \">\n        <div class=\"fw-col-inner\" >\n\t\t<div class=\"fw-text-box\">\n    <div class=\"fw-text-inner\">\n        <ul>\n \t<li>Innovative and unique final product.<\/li>\n<\/ul>    <\/div>\n<\/div>\t<\/div>\n<\/div><\/div>\n\n<div class=\"fw-row\">\n\t\n<div id=\"column-69f5e37a0611c\" class=\"fw-col-sm-12\" style=\" \">\n        <div class=\"fw-col-inner\" >\n\t\t<div class=\"fw-text-box\">\n    <div class=\"fw-text-inner\">\n        <ul>\n \t<li>It allows to incorporate active zones within the path that allow interacting with other audiovisual media (photographs, videos, texts, audios ...).<\/li>\n<\/ul>    <\/div>\n<\/div>\t<\/div>\n<\/div><\/div>\n\n<div class=\"fw-row\">\n\t\n<div id=\"column-69f5e37a061db\" class=\"fw-col-sm-12\" style=\" \">\n        <div class=\"fw-col-inner\" >\n\t\t<div class=\"fw-text-box\">\n    <div class=\"fw-text-inner\">\n        <span style=\"text-decoration: underline;\">Applications:<\/span>    <\/div>\n<\/div>\t<\/div>\n<\/div><\/div>\n\n<div class=\"fw-row\">\n\t\n<div id=\"column-69f5e37a06329\" class=\"fw-col-sm-12\" style=\" \">\n        <div class=\"fw-col-inner\" >\n\t\t<div class=\"fw-text-box\">\n    <div class=\"fw-text-inner\">\n        <ul>\n \t<li>Hospitality: Virtual visits to hotels, restaurants, etc.<\/li>\n<\/ul>    <\/div>\n<\/div>\t<\/div>\n<\/div><\/div>\n\n<div class=\"fw-row\">\n\t\n<div id=\"column-69f5e37a0650c\" class=\"fw-col-sm-12\" style=\" \">\n        <div class=\"fw-col-inner\" >\n\t\t<div class=\"fw-text-box\">\n    <div class=\"fw-text-inner\">\n        <ul>\n \t<li>Tourism: Virtual visits in different areas of tourist interest.<\/li>\n<\/ul>    <\/div>\n<\/div>\t<\/div>\n<\/div><\/div>\n\n<div class=\"fw-row\">\n\t\n<div id=\"column-69f5e37a0664a\" class=\"fw-col-sm-12\" style=\" \">\n        <div class=\"fw-col-inner\" >\n\t\t<div class=\"fw-text-box\">\n    <div class=\"fw-text-inner\">\n        <ul>\n \t<li>Real Estate: Presentation of buildings, decorations, apartments, etc.<\/li>\n<\/ul>    <\/div>\n<\/div>\t<\/div>\n<\/div><\/div>\n\n<div class=\"fw-row\">\n\t\n<div id=\"column-69f5e37a0673f\" class=\"fw-col-sm-12\" style=\" \">\n        <div class=\"fw-col-inner\" >\n\t\t<div class=\"fw-text-box\">\n    <div class=\"fw-text-inner\">\n        <ul>\n \t<li>Museums: Virtual tours through museums, art galleries, exhibitions, etc.<\/li>\n<\/ul>    <\/div>\n<\/div>\t<\/div>\n<\/div><\/div>\n\n<div class=\"fw-row\">\n\t\n<div id=\"column-69f5e37a06807\" class=\"fw-col-sm-12\" style=\" \">\n        <div class=\"fw-col-inner\" >\n\t\t<div class=\"fw-text-box\">\n    <div class=\"fw-text-inner\">\n        <ul>\n \t<li>Theme Parks: Tours of different attractions, shows, areas of interest, etc.<\/li>\n<\/ul>    <\/div>\n<\/div>\t<\/div>\n<\/div><\/div>\n\n<div class=\"fw-row\">\n\t\n<div id=\"column-69f5e37a068d5\" class=\"fw-col-sm-12\" style=\" \">\n        <div class=\"fw-col-inner\" >\n\t\t<div class=\"fw-text-box\">\n    <div class=\"fw-text-inner\">\n        <ul>\n \t<li>Training: Pedagogical support for distance training in actions that require knowledge of a place and the actions to be carried out at specific points.<\/li>\n<\/ul>    <\/div>\n<\/div>\t<\/div>\n<\/div><\/div>\n\n<div class=\"fw-row\">\n\t\n<div id=\"column-69f5e37a06995\" class=\"fw-col-sm-12\" style=\" \">\n        <div class=\"fw-col-inner\" >\n\t\t<div class=\"fw-text-box\">\n    <div class=\"fw-text-inner\">\n        <ul>\n \t<li>Emergency and evacuation plans: Conducting educational or informative tours.<\/li>\n<\/ul>    <\/div>\n<\/div>\t<\/div>\n<\/div><\/div>\n\n\t<\/div>\n<\/section><\/p>\n<!-- AddThis Advanced Settings generic via filter on the_content --><!-- AddThis Share Buttons generic via filter on the_content -->","protected":false},"excerpt":{"rendered":"<p>La mejor forma de \u00abvivir\u00bb un espacio. \u00bfQu\u00e9 es un Tour Virtual? Un Tour Virtual 360 grados es una soluci\u00f3n multimedia que crea sorprendentes experiencias de recorridos virtuales interactivos de su negocio, propiedad o lugar de inter\u00e9s. Permite al usuario una exploraci\u00f3n en profundidad del lugar en un \u00fanico e innovador entorno visual interactivo. Simple [&hellip;]<!-- AddThis Advanced Settings generic via filter on get_the_excerpt --><!-- AddThis Share Buttons generic via filter on get_the_excerpt --><\/p>","protected":false},"author":1,"featured_media":0,"parent":0,"menu_order":0,"comment_status":"closed","ping_status":"closed","template":"brizy-blank-template.php","meta":[],"yoast_head":"<!-- This site is optimized with the Yoast SEO plugin v14.9 - https:\/\/yoast.com\/wordpress\/plugins\/seo\/ -->\n<meta name=\"robots\" content=\"index, follow, max-snippet:-1, max-image-preview:large, max-video-preview:-1\" \/>\n<link rel=\"canonical\" href=\"https:\/\/www.360viewpro.com\/en\/\" \/>\n<meta property=\"og:locale\" content=\"en_US\" \/>\n<meta property=\"og:type\" content=\"article\" \/>\n<meta property=\"og:title\" content=\"Inicio - 360 View Pro\" \/>\n<meta property=\"og:description\" content=\"La mejor forma de &quot;vivir&quot; un espacio. \u00bfQu\u00e9 es un Tour Virtual? Un Tour Virtual 360 grados es una soluci\u00f3n multimedia que crea sorprendentes experiencias de recorridos virtuales interactivos de su negocio, propiedad o lugar de inter\u00e9s. Permite al usuario una exploraci\u00f3n en profundidad del lugar en un \u00fanico e innovador entorno visual interactivo. Simple [&hellip;]\" \/>\n<meta property=\"og:url\" content=\"https:\/\/www.360viewpro.com\/en\/\" \/>\n<meta property=\"og:site_name\" content=\"360 View Pro\" \/>\n<meta property=\"article:modified_time\" content=\"2020-05-30T21:27:15+00:00\" \/>\n<meta property=\"og:image\" content=\"https:\/\/www.360viewpro.com\/wp-content\/uploads\/2020\/05\/Photographer-Trusted_Back-1.png\" \/>\n<meta name=\"twitter:card\" content=\"summary_large_image\" \/>\n<script type=\"application\/ld+json\" class=\"yoast-schema-graph\">{\"@context\":\"https:\/\/schema.org\",\"@graph\":[{\"@type\":\"WebSite\",\"@id\":\"https:\/\/www.360viewpro.com\/en\/#website\",\"url\":\"https:\/\/www.360viewpro.com\/en\/\",\"name\":\"360 View Pro\",\"description\":\"Vive la experiencia desde cualquier sitio\",\"potentialAction\":[{\"@type\":\"SearchAction\",\"target\":\"https:\/\/www.360viewpro.com\/en\/?s={search_term_string}\",\"query-input\":\"required name=search_term_string\"}],\"inLanguage\":\"en-US\"},{\"@type\":\"ImageObject\",\"@id\":\"https:\/\/www.360viewpro.com\/#primaryimage\",\"inLanguage\":\"en-US\",\"url\":\"https:\/\/www.360viewpro.com\/wp-content\/uploads\/2020\/05\/Photographer-Trusted_Back-1.png\",\"width\":1050,\"height\":600},{\"@type\":\"WebPage\",\"@id\":\"https:\/\/www.360viewpro.com\/#webpage\",\"url\":\"https:\/\/www.360viewpro.com\/\",\"name\":\"Inicio - 360 View Pro\",\"isPartOf\":{\"@id\":\"https:\/\/www.360viewpro.com\/en\/#website\"},\"primaryImageOfPage\":{\"@id\":\"https:\/\/www.360viewpro.com\/#primaryimage\"},\"datePublished\":\"2015-01-13T01:45:42+00:00\",\"dateModified\":\"2020-05-30T21:27:15+00:00\",\"inLanguage\":\"en-US\",\"potentialAction\":[{\"@type\":\"ReadAction\",\"target\":[\"https:\/\/www.360viewpro.com\/\"]}]}]}<\/script>\n<!-- \/ Yoast SEO plugin. -->","_links":{"self":[{"href":"https:\/\/www.360viewpro.com\/en\/wp-json\/wp\/v2\/pages\/6"}],"collection":[{"href":"https:\/\/www.360viewpro.com\/en\/wp-json\/wp\/v2\/pages"}],"about":[{"href":"https:\/\/www.360viewpro.com\/en\/wp-json\/wp\/v2\/types\/page"}],"author":[{"embeddable":true,"href":"https:\/\/www.360viewpro.com\/en\/wp-json\/wp\/v2\/users\/1"}],"replies":[{"embeddable":true,"href":"https:\/\/www.360viewpro.com\/en\/wp-json\/wp\/v2\/comments?post=6"}],"version-history":[{"count":245,"href":"https:\/\/www.360viewpro.com\/en\/wp-json\/wp\/v2\/pages\/6\/revisions"}],"predecessor-version":[{"id":3796,"href":"https:\/\/www.360viewpro.com\/en\/wp-json\/wp\/v2\/pages\/6\/revisions\/3796"}],"wp:attachment":[{"href":"https:\/\/www.360viewpro.com\/en\/wp-json\/wp\/v2\/media?parent=6"}],"curies":[{"name":"wp","href":"https:\/\/api.w.org\/{rel}","templated":true}]}}